{"id":27,"date":"2026-04-03T12:32:05","date_gmt":"2026-04-03T12:32:05","guid":{"rendered":"https:\/\/avion-passion.fr\/index.php\/blog\/"},"modified":"2026-04-03T12:32:11","modified_gmt":"2026-04-03T12:32:11","slug":"blog","status":"publish","type":"page","link":"https:\/\/avion-passion.fr\/index.php\/blog\/","title":{"rendered":"Blog"},"content":{"rendered":"\t\t<div data-elementor-type=\"wp-page\" data-elementor-id=\"27\" class=\"elementor elementor-27\">\n\t\t\t\t<div class=\"elementor-element elementor-element-1dbcb83a e-flex e-con-boxed e-con e-parent\" data-id=\"1dbcb83a\" data-element_type=\"container\" data-e-type=\"container\" data-settings=\"{&quot;background_background&quot;:&quot;classic&quot;}\">\n\t\t\t\t\t<div class=\"e-con-inner\">\n\t\t<div class=\"elementor-element elementor-element-7c95934e e-con-full e-flex e-con e-child\" data-id=\"7c95934e\" data-element_type=\"container\" data-e-type=\"container\">\n\t\t\t\t<div class=\"elementor-element elementor-element-564ce5cd elementor-widget elementor-widget-heading\" data-id=\"564ce5cd\" data-element_type=\"widget\" data-e-type=\"widget\" data-widget_type=\"heading.default\">\n\t\t\t\t\t<h5 class=\"elementor-heading-title elementor-size-default\">L'aviation au c\u0153ur de notre passion<\/h5>\t\t\t\t<\/div>\n\t\t\t\t<div class=\"elementor-element elementor-element-47212a7f elementor-widget elementor-widget-heading\" data-id=\"47212a7f\" data-element_type=\"widget\" data-e-type=\"widget\" data-widget_type=\"heading.default\">\n\t\t\t\t\t<h2 class=\"elementor-heading-title elementor-size-default\">Explorez le monde de l'aviation<\/h2>\t\t\t\t<\/div>\n\t\t\t\t<div class=\"elementor-element elementor-element-b02defc elementor-widget elementor-widget-text-editor\" data-id=\"b02defc\" data-element_type=\"widget\" data-e-type=\"widget\" data-widget_type=\"text-editor.default\">\n\t\t\t\t\t\t\t\t\t<p>Bienvenue dans notre communaut\u00e9 d\u00e9di\u00e9e \u00e0 l&#8217;aviation ! Ici, nous partageons notre passion pour la construction, la r\u00e9novation et le vol d&#8217;avions. Laissez-vous inspirer par nos projets, apprenez \u00e0 travers nos articles et connectez-vous avec d&#8217;autres passionn\u00e9s. Ensemble, faisons d\u00e9coller nos r\u00eaves !<\/p>\t\t\t\t\t\t\t\t<\/div>\n\t\t<div class=\"elementor-element elementor-element-7c7f7b48 e-flex e-con-boxed e-con e-child\" data-id=\"7c7f7b48\" data-element_type=\"container\" data-e-type=\"container\">\n\t\t\t\t\t<div class=\"e-con-inner\">\n\t\t\t\t<div class=\"elementor-element elementor-element-347e5a94 elementor-widget__width-auto elementor-align-right elementor-widget elementor-widget-button\" data-id=\"347e5a94\" data-element_type=\"widget\" data-e-type=\"widget\" data-widget_type=\"button.default\">\n\t\t\t\t\t\t\t\t\t\t<a class=\"elementor-button elementor-button-link elementor-size-sm\" href=\"#\">\n\t\t\t\t\t\t<span class=\"elementor-button-content-wrapper\">\n\t\t\t\t\t\t\t\t\t<span class=\"elementor-button-text\">Rejoignez-nous<\/span>\n\t\t\t\t\t<\/span>\n\t\t\t\t\t<\/a>\n\t\t\t\t\t\t\t\t<\/div>\n\t\t\t\t<div class=\"elementor-element elementor-element-2aad8448 elementor-widget__width-auto elementor-align-right elementor-widget elementor-widget-button\" data-id=\"2aad8448\" data-element_type=\"widget\" data-e-type=\"widget\" data-widget_type=\"button.default\">\n\t\t\t\t\t\t\t\t\t\t<a class=\"elementor-button elementor-button-link elementor-size-sm\" href=\"#\">\n\t\t\t\t\t\t<span class=\"elementor-button-content-wrapper\">\n\t\t\t\t\t\t\t\t\t<span class=\"elementor-button-text\">En savoir plus<\/span>\n\t\t\t\t\t<\/span>\n\t\t\t\t\t<\/a>\n\t\t\t\t\t\t\t\t<\/div>\n\t\t\t\t\t<\/div>\n\t\t\t\t<\/div>\n\t\t\t\t<\/div>\n\t\t\t\t\t<\/div>\n\t\t\t\t<\/div>\n\t\t<div class=\"elementor-element elementor-element-65685e4f e-flex e-con-boxed e-con e-parent\" data-id=\"65685e4f\" data-element_type=\"container\" data-e-type=\"container\">\n\t\t\t\t\t<div class=\"e-con-inner\">\n\t\t<div class=\"elementor-element elementor-element-4d19cb30 e-con-full e-flex e-con e-child\" data-id=\"4d19cb30\" data-element_type=\"container\" data-e-type=\"container\">\n\t\t<div class=\"elementor-element elementor-element-77b91eb5 e-con-full e-flex e-con e-child\" data-id=\"77b91eb5\" data-element_type=\"container\" data-e-type=\"container\">\n\t\t\t\t<div class=\"elementor-element elementor-element-7def5625 elementor-widget elementor-widget-heading\" data-id=\"7def5625\" data-element_type=\"widget\" data-e-type=\"widget\" data-widget_type=\"heading.default\">\n\t\t\t\t\t<h2 class=\"elementor-heading-title elementor-size-default\">D\u00e9couvrez nos derniers articles<\/h2>\t\t\t\t<\/div>\n\t\t\t\t<div class=\"elementor-element elementor-element-6cb94eb5 elementor-widget elementor-widget-heading\" data-id=\"6cb94eb5\" data-element_type=\"widget\" data-e-type=\"widget\" data-widget_type=\"heading.default\">\n\t\t\t\t\t<h5 class=\"elementor-heading-title elementor-size-default\">Plongez dans l'univers de l'aviation et partagez notre passion.<\/h5>\t\t\t\t<\/div>\n\t\t\t\t<\/div>\n\t\t<div class=\"elementor-element elementor-element-253e20bf e-con-full e-flex e-con e-child\" data-id=\"253e20bf\" data-element_type=\"container\" data-e-type=\"container\">\n\t\t\t\t<div class=\"elementor-element elementor-element-609f69cb elementor-widget__width-auto elementor-align-right elementor-widget elementor-widget-button\" data-id=\"609f69cb\" data-element_type=\"widget\" data-e-type=\"widget\" data-widget_type=\"button.default\">\n\t\t\t\t\t\t\t\t\t\t<a class=\"elementor-button elementor-button-link elementor-size-sm\" href=\"#\">\n\t\t\t\t\t\t<span class=\"elementor-button-content-wrapper\">\n\t\t\t\t\t\t\t\t\t<span class=\"elementor-button-text\">Voir tous<\/span>\n\t\t\t\t\t<\/span>\n\t\t\t\t\t<\/a>\n\t\t\t\t\t\t\t\t<\/div>\n\t\t\t\t<\/div>\n\t\t\t\t<\/div>\n\t\t\t\t<div class=\"elementor-element elementor-element-6a97d57b elementor-widget elementor-widget-posts\" data-id=\"6a97d57b\" data-element_type=\"widget\" data-e-type=\"widget\" data-widget_type=\"posts.default\">\n\t\t\t\t<div class=\"elementor-widget-container\">\n\t\t\t\t\t \t\t\t\t<\/div>\n\t\t\t\t<\/div>\n\t\t\t\t\t<\/div>\n\t\t\t\t<\/div>\n\t\t<div class=\"elementor-element elementor-element-26c4fb5c e-flex e-con-boxed e-con e-parent\" data-id=\"26c4fb5c\" data-element_type=\"container\" data-e-type=\"container\">\n\t\t\t\t\t<div class=\"e-con-inner\">\n\t\t<div class=\"elementor-element elementor-element-1e912579 e-con-full e-flex e-con e-child\" data-id=\"1e912579\" data-element_type=\"container\" data-e-type=\"container\">\n\t\t\t\t<div class=\"elementor-element elementor-element-2f922bd1 elementor-widget elementor-widget-heading\" data-id=\"2f922bd1\" data-element_type=\"widget\" data-e-type=\"widget\" data-widget_type=\"heading.default\">\n\t\t\t\t\t<h2 class=\"elementor-heading-title elementor-size-default\">D\u00e9couvrez notre passion pour l'aviation<\/h2>\t\t\t\t<\/div>\n\t\t\t\t<\/div>\n\t\t<div class=\"elementor-element elementor-element-300b26e2 e-con-full e-flex e-con e-child\" data-id=\"300b26e2\" data-element_type=\"container\" data-e-type=\"container\">\n\t\t\t\t<div class=\"elementor-element elementor-element-7487d77b elementor-widget elementor-widget-text-editor\" data-id=\"7487d77b\" data-element_type=\"widget\" data-e-type=\"widget\" data-widget_type=\"text-editor.default\">\n\t\t\t\t\t\t\t\t\t<p>Plongez dans l&#8217;univers fascinant de l&#8217;aviation. Nous partageons notre amour pour la construction et la r\u00e9novation d&#8217;avions, ainsi que l&#8217;adr\u00e9naline des vols. Rejoignez-nous pour explorer des projets captivants, d\u00e9couvrir des histoires inspirantes et trouver des ressources pr\u00e9cieuses qui nourrissent votre passion.<\/p>\t\t\t\t\t\t\t\t<\/div>\n\t\t\t\t<\/div>\n\t\t\t\t\t<\/div>\n\t\t\t\t<\/div>\n\t\t<div class=\"elementor-element elementor-element-2102e366 e-flex e-con-boxed e-con e-parent\" data-id=\"2102e366\" data-element_type=\"container\" data-e-type=\"container\" data-settings=\"{&quot;background_background&quot;:&quot;classic&quot;}\">\n\t\t\t\t\t<div class=\"e-con-inner\">\n\t\t<div class=\"elementor-element elementor-element-5e65dfef e-flex e-con-boxed e-con e-child\" data-id=\"5e65dfef\" data-element_type=\"container\" data-e-type=\"container\" data-settings=\"{&quot;background_background&quot;:&quot;classic&quot;}\">\n\t\t\t\t\t<div class=\"e-con-inner\">\n\t\t<div class=\"elementor-element elementor-element-55514886 e-con-full e-flex e-con e-child\" data-id=\"55514886\" data-element_type=\"container\" data-e-type=\"container\">\n\t\t\t\t<div class=\"elementor-element elementor-element-58bdeff6 elementor-widget elementor-widget-heading\" data-id=\"58bdeff6\" data-element_type=\"widget\" data-e-type=\"widget\" data-widget_type=\"heading.default\">\n\t\t\t\t\t<h2 class=\"elementor-heading-title elementor-size-default\">Restez connect\u00e9 avec notre passion pour l'aviation!<\/h2>\t\t\t\t<\/div>\n\t\t\t\t<div class=\"elementor-element elementor-element-4552603d elementor-widget elementor-widget-text-editor\" data-id=\"4552603d\" data-element_type=\"widget\" data-e-type=\"widget\" data-widget_type=\"text-editor.default\">\n\t\t\t\t\t\t\t\t\t<p>Inscrivez-vous pour recevoir toutes nos derni\u00e8res nouvelles et mises \u00e0 jour passionnantes sur nos projets, nos activit\u00e9s et l&#8217;univers de l&#8217;aviation.<\/p>\t\t\t\t\t\t\t\t<\/div>\n\t\t\t\t<div class=\"elementor-element elementor-element-368e0edb elementor-widget elementor-widget-form\" data-id=\"368e0edb\" data-element_type=\"widget\" data-e-type=\"widget\" data-widget_type=\"form.default\">\n\t\t\t\t<div class=\"elementor-widget-container\">\n\t\t\t\t\t \t\t\t\t<\/div>\n\t\t\t\t<\/div>\n\t\t\t\t<div class=\"elementor-element elementor-element-490a7c8e elementor-widget elementor-widget-text-editor\" data-id=\"490a7c8e\" data-element_type=\"widget\" data-e-type=\"widget\" data-widget_type=\"text-editor.default\">\n\t\t\t\t\t\t\t\t\t<p>En vous inscrivant, vous confirmez que vous acceptez nos conditions g\u00e9n\u00e9rales.<\/p>\t\t\t\t\t\t\t\t<\/div>\n\t\t\t\t<\/div>\n\t\t\t\t\t<\/div>\n\t\t\t\t<\/div>\n\t\t\t\t\t<\/div>\n\t\t\t\t<\/div>\n\t\t\t\t<\/div>\n\t\t","protected":false},"excerpt":{"rendered":"<p>L&#8217;aviation au c\u0153ur de notre passion Explorez le monde de l&#8217;aviation Bienvenue dans notre communaut\u00e9 d\u00e9di\u00e9e \u00e0 l&#8217;aviation ! Ici, nous partageons notre passion pour la construction, la r\u00e9novation et le vol d&#8217;avions. Laissez-vous inspirer par nos projets, apprenez \u00e0 travers nos articles et connectez-vous avec d&#8217;autres passionn\u00e9s. Ensemble, faisons d\u00e9coller nos r\u00eaves ! Rejoignez-nous [&hellip;]<\/p>\n","protected":false},"author":1,"featured_media":0,"parent":0,"menu_order":0,"comment_status":"closed","ping_status":"closed","template":"","meta":{"footnotes":""},"class_list":["post-27","page","type-page","status-publish","hentry"],"_links":{"self":[{"href":"https:\/\/avion-passion.fr\/index.php\/wp-json\/wp\/v2\/pages\/27","targetHints":{"allow":["GET"]}}],"collection":[{"href":"https:\/\/avion-passion.fr\/index.php\/wp-json\/wp\/v2\/pages"}],"about":[{"href":"https:\/\/avion-passion.fr\/index.php\/wp-json\/wp\/v2\/types\/page"}],"author":[{"embeddable":true,"href":"https:\/\/avion-passion.fr\/index.php\/wp-json\/wp\/v2\/users\/1"}],"replies":[{"embeddable":true,"href":"https:\/\/avion-passion.fr\/index.php\/wp-json\/wp\/v2\/comments?post=27"}],"version-history":[{"count":4,"href":"https:\/\/avion-passion.fr\/index.php\/wp-json\/wp\/v2\/pages\/27\/revisions"}],"predecessor-version":[{"id":51,"href":"https:\/\/avion-passion.fr\/index.php\/wp-json\/wp\/v2\/pages\/27\/revisions\/51"}],"wp:attachment":[{"href":"https:\/\/avion-passion.fr\/index.php\/wp-json\/wp\/v2\/media?parent=27"}],"curies":[{"name":"wp","href":"https:\/\/api.w.org\/{rel}","templated":true}]}}